{"id":22097,"date":"2025-11-24T09:28:22","date_gmt":"2025-11-24T09:28:22","guid":{"rendered":"https:\/\/barrado.demosbluefish.es\/creer-un-compte-b2b\/"},"modified":"2026-04-14T09:39:40","modified_gmt":"2026-04-14T09:39:40","slug":"creer-un-compte-b2b","status":"publish","type":"page","link":"https:\/\/barrado.demosbluefish.es\/fr\/creer-un-compte-b2b\/","title":{"rendered":"Cr\u00e9er un compte B2B"},"content":{"rendered":"<div class=\"fusion-fullwidth fullwidth-box fusion-builder-row-1 fusion-flex-container has-pattern-background has-mask-background fusion-parallax-none nonhundred-percent-fullwidth non-hundred-percent-height-scrolling lazyload\" style=\"--link_hover_color: var(--awb-color2);--link_color: var(--awb-custom_color_1);--awb-border-radius-top-left:0px;--awb-border-radius-top-right:0px;--awb-border-radius-bottom-right:0px;--awb-border-radius-bottom-left:0px;--awb-overflow:scroll;--awb-padding-top:50px;--awb-padding-bottom:50px;--awb-background-color:var(--awb-color1);--awb-background-size:contain;--awb-flex-wrap:wrap;\" data-bg=\"https:\/\/barrado.demosbluefish.es\/wp-content\/uploads\/2026\/04\/Group-32969-scaled.png\" ><div class=\"fusion-builder-row fusion-row fusion-flex-align-items-center fusion-flex-justify-content-center fusion-flex-content-wrap\" style=\"max-width:1248px;margin-left: calc(-4% \/ 2 );margin-right: calc(-4% \/ 2 );\"><div class=\"fusion-layout-column fusion_builder_column fusion-builder-column-0 fusion_builder_column_4_5 4_5 fusion-flex-column fusion-flex-align-self-center barrado-login\" style=\"--awb-bg-size:cover;--awb-width-large:80%;--awb-margin-top-large:0px;--awb-spacing-right-large:2.4%;--awb-margin-bottom-large:20px;--awb-spacing-left-large:2.4%;--awb-width-medium:80%;--awb-order-medium:0;--awb-spacing-right-medium:2.4%;--awb-spacing-left-medium:2.4%;--awb-width-small:100%;--awb-order-small:0;--awb-spacing-right-small:1.92%;--awb-spacing-left-small:1.92%;\"><div class=\"fusion-column-wrapper fusion-column-has-shadow fusion-flex-justify-content-center fusion-content-layout-column\"><div class=\"fusion-title title fusion-title-1 fusion-sep-none fusion-title-center fusion-title-text fusion-title-size-three\" style=\"--awb-text-color:var(--awb-custom_color_1);--awb-margin-top-small:10px;--awb-margin-right-small:0px;--awb-margin-bottom-small:10px;--awb-margin-left-small:0px;--awb-font-size:var(--awb-custom_typography_2-font-size);\"><h3 class=\"fusion-title-heading title-heading-center awb-responsive-type__disable\" style=\"font-family:var(--awb-custom_typography_2-font-family);font-weight:var(--awb-custom_typography_2-font-weight);font-style:var(--awb-custom_typography_2-font-style);margin:0;letter-spacing:var(--awb-custom_typography_2-letter-spacing);text-transform:var(--awb-custom_typography_2-text-transform);font-size:1em;line-height:var(--awb-custom_typography_2-line-height);\">Inscrivez-vous sur notre boutique B2B<\/h3><\/div><div class=\"fusion-text fusion-text-1\" style=\"--awb-content-alignment:center;--awb-font-size:var(--awb-custom_typography_15-font-size);--awb-line-height:var(--awb-custom_typography_15-line-height);--awb-letter-spacing:var(--awb-custom_typography_15-letter-spacing);--awb-text-transform:var(--awb-custom_typography_15-text-transform);--awb-text-color:var(--awb-custom_color_1);--awb-text-font-family:var(--awb-custom_typography_15-font-family);--awb-text-font-weight:var(--awb-custom_typography_15-font-weight);--awb-text-font-style:var(--awb-custom_typography_15-font-style);\"><p>Une fois votre inscription termin\u00e9e, nous examinerons votre demande et vous enverrons un e-mail d\u00e8s que votre compte sera approuv\u00e9.<\/p>\n<\/div>\n<div class=\"wpcf7 no-js\" id=\"wpcf7-f29586-o1\" lang=\"fr-FR\" dir=\"ltr\" data-wpcf7-id=\"29586\">\n<div class=\"screen-reader-response\"><p role=\"status\" aria-live=\"polite\" aria-atomic=\"true\"><\/p> <ul><\/ul><\/div>\n<form action=\"\/fr\/wp-json\/wp\/v2\/pages\/22097#wpcf7-f29586-o1\" method=\"post\" class=\"wpcf7-form init\" aria-label=\"Formulaire de contact\" novalidate=\"novalidate\" data-status=\"init\">\n<fieldset class=\"hidden-fields-container\"><input type=\"hidden\" name=\"_wpcf7\" value=\"29586\" \/><input type=\"hidden\" name=\"_wpcf7_version\" value=\"6.1.5\" \/><input type=\"hidden\" name=\"_wpcf7_locale\" value=\"fr_FR\" \/><input type=\"hidden\" name=\"_wpcf7_unit_tag\" value=\"wpcf7-f29586-o1\" \/><input type=\"hidden\" name=\"_wpcf7_container_post\" value=\"0\" \/><input type=\"hidden\" name=\"_wpcf7_posted_data_hash\" value=\"\" \/><input type=\"hidden\" name=\"_wpcf7_recaptcha_response\" value=\"\" \/>\n<\/fieldset>\n<p><label> Pr\u00e9nom *<br \/>\n<span class=\"wpcf7-form-control-wrap\" data-name=\"nombre\"><input size=\"40\" maxlength=\"400\" class=\"wpcf7-form-control wpcf7-text wpcf7-validates-as-required\" autocomplete=\"name\" aria-required=\"true\" aria-invalid=\"false\" value=\"\" type=\"text\" name=\"nombre\" \/><\/span> <\/label>\n<\/p>\n<p><label> Nom *<br \/>\n<span class=\"wpcf7-form-control-wrap\" data-name=\"apellidos\"><input size=\"40\" maxlength=\"400\" class=\"wpcf7-form-control wpcf7-text wpcf7-validates-as-required\" aria-required=\"true\" aria-invalid=\"false\" value=\"\" type=\"text\" name=\"apellidos\" \/><\/span> <\/label>\n<\/p>\n<p><label> E-mail professionnel *<br \/>\n<span class=\"wpcf7-form-control-wrap\" data-name=\"email\"><input size=\"40\" maxlength=\"400\" class=\"wpcf7-form-control wpcf7-email wpcf7-validates-as-required wpcf7-text wpcf7-validates-as-email\" autocomplete=\"email\" aria-required=\"true\" aria-invalid=\"false\" value=\"\" type=\"email\" name=\"email\" \/><\/span> <\/label>\n<\/p>\n<p><label> Entreprise *<br \/>\n<span class=\"wpcf7-form-control-wrap\" data-name=\"empresa\"><input size=\"40\" maxlength=\"400\" class=\"wpcf7-form-control wpcf7-text wpcf7-validates-as-required\" aria-required=\"true\" aria-invalid=\"false\" value=\"\" type=\"text\" name=\"empresa\" \/><\/span> <\/label>\n<\/p>\n<p><label> Pays *<br \/>\n<span class=\"wpcf7-form-control-wrap\" data-name=\"pais\"><input size=\"40\" maxlength=\"400\" class=\"wpcf7-form-control wpcf7-text wpcf7-validates-as-required\" aria-required=\"true\" aria-invalid=\"false\" value=\"\" type=\"text\" name=\"pais\" \/><\/span> <\/label>\n<\/p>\n<p><label> Type d'activit\u00e9 *<br \/>\n<span class=\"wpcf7-form-control-wrap\" data-name=\"tipo-negocio\"><select class=\"wpcf7-form-control wpcf7-select wpcf7-validates-as-required\" aria-required=\"true\" aria-invalid=\"false\" name=\"tipo-negocio\"><option value=\"Retail\">Retail<\/option><option value=\"Distribuidor\">Distribuidor<\/option><option value=\"Amusement \/ FEC\">Amusement \/ FEC<\/option><option value=\"E-commerce\">E-commerce<\/option><option value=\"Autre\">Autre<\/option><\/select><\/span><br \/>\n<\/label>\n<\/p>\n<div class=\"form-button\">\n\t<p><input class=\"wpcf7-form-control wpcf7-submit has-spinner\" type=\"submit\" value=\"Crear cuenta\" \/>\n\t<\/p>\n<\/div><div class=\"fusion-alert alert custom alert-custom fusion-alert-center wpcf7-response-output awb-alert-native-link-color alert-dismissable awb-alert-close-boxed\" style=\"--awb-border-size:1px;--awb-border-top-left-radius:0px;--awb-border-top-right-radius:0px;--awb-border-bottom-left-radius:0px;--awb-border-bottom-right-radius:0px;\" role=\"alert\"><div class=\"fusion-alert-content-wrapper\"><span class=\"fusion-alert-content\"><\/span><\/div><button type=\"button\" class=\"close toggle-alert\" data-dismiss=\"alert\" aria-label=\"Close\">&times;<\/button><\/div>\n<\/form>\n<\/div>\n<div class=\"fusion-text fusion-text-2 fusion-text-no-margin\" style=\"--awb-content-alignment:center;--awb-font-size:var(--awb-custom_typography_15-font-size);--awb-line-height:var(--awb-custom_typography_15-line-height);--awb-letter-spacing:var(--awb-custom_typography_15-letter-spacing);--awb-text-transform:var(--awb-custom_typography_15-text-transform);--awb-text-color:var(--awb-custom_color_1);--awb-margin-top:40px;--awb-margin-bottom:20px;--awb-text-font-family:var(--awb-custom_typography_15-font-family);--awb-text-font-weight:var(--awb-custom_typography_15-font-weight);--awb-text-font-style:var(--awb-custom_typography_15-font-style);\"><p>Vous avez d\u00e9j\u00e0 un compte ? <a style=\"text-decoration: underline;\" href=\"https:\/\/barrado.demosbluefish.es\/fr\/se-connecter\/\">Connectez-vous ici.<\/a><\/p>\n<\/div><\/div><\/div><\/div><\/div>\n","protected":false},"excerpt":{"rendered":"","protected":false},"author":1,"featured_media":0,"parent":0,"menu_order":0,"comment_status":"closed","ping_status":"closed","template":"100-width.php","meta":{"_acf_changed":false,"footnotes":""},"class_list":["post-22097","page","type-page","status-publish","hentry"],"acf":[],"_links":{"self":[{"href":"https:\/\/barrado.demosbluefish.es\/fr\/wp-json\/wp\/v2\/pages\/22097","targetHints":{"allow":["GET"]}}],"collection":[{"href":"https:\/\/barrado.demosbluefish.es\/fr\/wp-json\/wp\/v2\/pages"}],"about":[{"href":"https:\/\/barrado.demosbluefish.es\/fr\/wp-json\/wp\/v2\/types\/page"}],"author":[{"embeddable":true,"href":"https:\/\/barrado.demosbluefish.es\/fr\/wp-json\/wp\/v2\/users\/1"}],"replies":[{"embeddable":true,"href":"https:\/\/barrado.demosbluefish.es\/fr\/wp-json\/wp\/v2\/comments?post=22097"}],"version-history":[{"count":5,"href":"https:\/\/barrado.demosbluefish.es\/fr\/wp-json\/wp\/v2\/pages\/22097\/revisions"}],"predecessor-version":[{"id":33258,"href":"https:\/\/barrado.demosbluefish.es\/fr\/wp-json\/wp\/v2\/pages\/22097\/revisions\/33258"}],"wp:attachment":[{"href":"https:\/\/barrado.demosbluefish.es\/fr\/wp-json\/wp\/v2\/media?parent=22097"}],"curies":[{"name":"wp","href":"https:\/\/api.w.org\/{rel}","templated":true}]}}